{"id":2076,"date":"2022-10-26T11:46:39","date_gmt":"2022-10-26T11:46:39","guid":{"rendered":"https:\/\/euleaders.eu\/contacte-o-dpo\/"},"modified":"2023-09-26T13:26:45","modified_gmt":"2023-09-26T13:26:45","slug":"contacte-o-dpo","status":"publish","type":"page","link":"https:\/\/euleaders.eu\/pt-pt\/contacte-o-dpo\/","title":{"rendered":"Contacte o DPO"},"content":{"rendered":"\t\t<div data-elementor-type=\"wp-page\" data-elementor-id=\"2076\" class=\"elementor elementor-2076 elementor-406\" data-elementor-post-type=\"page\">\n\t\t\t\t\t\t<section class=\"elementor-section elementor-top-section elementor-element elementor-element-376495e elementor-section-height-full elementor-section-items-stretch elementor-section-boxed elementor-section-height-default\" data-id=\"376495e\" data-element_type=\"section\" data-e-type=\"section\">\n\t\t\t\t\t\t\t<div class=\"elementor-background-overlay\"><\/div>\n\t\t\t\t\t\t\t<div class=\"elementor-container elementor-column-gap-default\">\n\t\t\t\t\t<div class=\"elementor-column elementor-col-100 elementor-top-column elementor-element elementor-element-6a5e02c\" data-id=\"6a5e02c\" data-element_type=\"column\" data-e-type=\"column\">\n\t\t\t<div class=\"elementor-widget-wrap elementor-element-populated\">\n\t\t\t\t\t\t<div class=\"elementor-element elementor-element-4fa7542 elementor-widget elementor-widget-spacer\" data-id=\"4fa7542\" data-element_type=\"widget\" data-e-type=\"widget\" data-widget_type=\"spacer.default\">\n\t\t\t\t<div class=\"elementor-widget-container\">\n\t\t\t\t\t\t\t<div class=\"elementor-spacer\">\n\t\t\t<div class=\"elementor-spacer-inner\"><\/div>\n\t\t<\/div>\n\t\t\t\t\t\t<\/div>\n\t\t\t\t<\/div>\n\t\t\t\t<div class=\"elementor-element elementor-element-493c106 elementor-widget elementor-widget-heading\" data-id=\"493c106\" data-element_type=\"widget\" data-e-type=\"widget\" data-widget_type=\"heading.default\">\n\t\t\t\t<div class=\"elementor-widget-container\">\n\t\t\t\t\t<h2 class=\"elementor-heading-title elementor-size-default\">Contactar o nosso respons\u00e1vel pela prote\u00e7\u00e3o de dados<\/h2>\t\t\t\t<\/div>\n\t\t\t\t<\/div>\n\t\t\t\t<div class=\"elementor-element elementor-element-38f82e3 elementor-widget elementor-widget-spacer\" data-id=\"38f82e3\" data-element_type=\"widget\" data-e-type=\"widget\" data-widget_type=\"spacer.default\">\n\t\t\t\t<div class=\"elementor-widget-container\">\n\t\t\t\t\t\t\t<div class=\"elementor-spacer\">\n\t\t\t<div class=\"elementor-spacer-inner\"><\/div>\n\t\t<\/div>\n\t\t\t\t\t\t<\/div>\n\t\t\t\t<\/div>\n\t\t\t\t<div class=\"elementor-element elementor-element-fd38771 elementor-button-align-stretch elementor-widget elementor-widget-form\" data-id=\"fd38771\" data-element_type=\"widget\" data-e-type=\"widget\" data-settings=\"{&quot;step_next_label&quot;:&quot;Next&quot;,&quot;step_previous_label&quot;:&quot;Previous&quot;,&quot;button_width&quot;:&quot;100&quot;,&quot;step_type&quot;:&quot;number_text&quot;,&quot;step_icon_shape&quot;:&quot;circle&quot;}\" data-widget_type=\"form.default\">\n\t\t\t\t<div class=\"elementor-widget-container\">\n\t\t\t\t\t\t\t<form class=\"elementor-form\" method=\"post\" name=\"New Form\" aria-label=\"New Form\">\n\t\t\t<input type=\"hidden\" name=\"post_id\" value=\"2076\"\/>\n\t\t\t<input type=\"hidden\" name=\"form_id\" value=\"fd38771\"\/>\n\t\t\t<input type=\"hidden\" name=\"referer_title\" value=\"Contacte o DPO\" \/>\n\n\t\t\t\t\t\t\t<input type=\"hidden\" name=\"queried_id\" value=\"2076\"\/>\n\t\t\t\n\t\t\t<div class=\"elementor-form-fields-wrapper elementor-labels-above\">\n\t\t\t\t\t\t\t\t<div class=\"elementor-field-type-text elementor-field-group elementor-column elementor-field-group-name elementor-col-50 elementor-field-required\">\n\t\t\t\t\t\t\t\t\t\t\t\t<label for=\"form-field-name\" class=\"elementor-field-label\">\n\t\t\t\t\t\t\t\tO seu nome\t\t\t\t\t\t\t<\/label>\n\t\t\t\t\t\t\t\t\t\t\t\t\t\t<input size=\"1\" type=\"text\" name=\"form_fields[name]\" id=\"form-field-name\" class=\"elementor-field elementor-size-sm  elementor-field-textual\" placeholder=\"O seu nome\" required=\"required\">\n\t\t\t\t\t\t\t\t\t\t\t<\/div>\n\t\t\t\t\t\t\t\t<div class=\"elementor-field-type-text elementor-field-group elementor-column elementor-field-group-field_de9192b elementor-col-50 elementor-field-required\">\n\t\t\t\t\t\t\t\t\t\t\t\t<label for=\"form-field-field_de9192b\" class=\"elementor-field-label\">\n\t\t\t\t\t\t\t\tApelido\t\t\t\t\t\t\t<\/label>\n\t\t\t\t\t\t\t\t\t\t\t\t\t\t<input size=\"1\" type=\"text\" name=\"form_fields[field_de9192b]\" id=\"form-field-field_de9192b\" class=\"elementor-field elementor-size-sm  elementor-field-textual\" placeholder=\"O seu apelido\" required=\"required\">\n\t\t\t\t\t\t\t\t\t\t\t<\/div>\n\t\t\t\t\t\t\t\t<div class=\"elementor-field-type-email elementor-field-group elementor-column elementor-field-group-email elementor-col-50 elementor-field-required\">\n\t\t\t\t\t\t\t\t\t\t\t\t<label for=\"form-field-email\" class=\"elementor-field-label\">\n\t\t\t\t\t\t\t\tCorreio eletr\u00f3nico\t\t\t\t\t\t\t<\/label>\n\t\t\t\t\t\t\t\t\t\t\t\t\t\t<input size=\"1\" type=\"email\" name=\"form_fields[email]\" id=\"form-field-email\" class=\"elementor-field elementor-size-sm  elementor-field-textual\" placeholder=\"O seu e-mail\" required=\"required\">\n\t\t\t\t\t\t\t\t\t\t\t<\/div>\n\t\t\t\t<div class=\"elementor-field-type-text elementor-field-group elementor-column elementor-field-group-text elementor-col-100 elementor-field-required\"><div class=\"f12-captcha template-2\">\r\n    <div class=\"c-header\">\r\n        <!-- Label correctly linked with `for` -->\r\n        <div class=\"c-label\">\r\n            <label for=\"c_02ed81caeb15e0e80887\">\r\n\t\t\t\tCaptcha            <\/label>\r\n        <\/div>\r\n\r\n        <!-- CAPTCHA data with ARIA LIVE region -->\r\n        <div class=\"c-data\" aria-live=\"polite\" aria-atomic=\"true\" aria-describedby=\"captcha-instructions\">\r\n\t\t\t<span class=\"captcha-image\"><img id=\"cpi_69f1629da2e390.63589723\" alt=\"captcha\" loading=\"eager\" decoding=\"sync\" class=\"no-lazy skip-lazy\" data-skip-lazy=\"true\" data-no-lazy=\"1\" src=\"data:image\/png;base64,iVBORw0KGgoAAAANSUhEUgAAAH0AAAAeCAYAAAAB4BHRAAAACXBIWXMAAA7EAAAOxAGVKw4bAAANWElEQVRoge2ae3TU1bXHP\/PIgyFMQgwhPBJDQG9AGiyy5Gh51fanXNFVi+VWQRFKe8der7c+rneui1KWpV29v7ZWe6kLx1Wldom1tV7kUUsZwYARtggRqDwaHg0xJCGEIQl5TJLJzP3j\/AbGIY9JAFn3rnzXmnXm9\/udc\/Y5Z5999vfsc2AAAxjAAAbw\/xC2q92A\/6sQETuQA4wGRlppSCn14lVtWAJw9iWziGQppeouVaiIKKDIkl8FbFVKNV5qvTH1O4FxwASl1P\/0o3waFxQZTUfFPecA9riiFcCLIpIdkyfb+o2w0iyrXDuwG1ijlCrraxsvBQkp3ZrVLwCNgLe\/wkTkNsCHVkgs2kXkv4GlSqn2\/tYfg9uAv1gyr1VKVfShjd8CXk4gaxg9YauASut3wvr2KjA7gTruBP5TRLxKqecTbeOlIlFLfw54GNjYX0EiMhvYYMmsBbYC9cDNwGTg39GT4esJ1jcR+B5wK5ABBIAdwCrgYEzWCWgLTBQ1QBMXlBlNPwWeQVvqO8DdSqlwD3WAnhi\/Rfe32koDQAi9YjwKTAGeE5FypdTbfWhnv5Go0lustLA\/QkTEBay25G0Cvhm7nIvI94EVwD0ick9vnReRJwCTz7Z\/JDAR+DbwFFpxaVabNyXaVqXUO8CQbuQ+hFZ6Vg8KB61c0Mv4d5RSoW7q+wOwBz0xTeBzUXq8T+oOh6w0X0SS+yHnHrR\/CwIL4v23UupHwHHrcV5PFYnIQuBZtMK3AzPR\/tYAitF9epYLAz8+rrxLRMaJSEE\/+lFlpSN7yXcKIByJ8Nq7n8wyPOZ8w2M+ZnjM+wyP6Y5mUkoF0asowPUi0i+j6isStfToADqB1SKSA+xSSj2dYPlJQBlQopQKdJNnP1CAtqQuISJZ6OUbtFXMi7GiKhEpBt4LRyLTas82Zw1OTWaIK7nQKjsB+Ana1yZb7+qAZ5RSv0qwH5VWmtPVR8NjpgHqN5v2TQf49HQj7aGwPy5breExv+b3ecV63hvzrQA4nGBb+o1elS4iH6D9Jocq6qirb5k\/vSgPrIFLBEopLzEE0PCYM9CWmQb8DfgjemkG+KSHqp4EXMH2UO1LGz9++XRDyyzDY+72+7z1lpyQiKzaU1Y9bf2OI27jpjHMKMqbICIzgD9Z8oJoLpGBnmArRcTZHZEyPOb1wFLgQPHeExkTxwwj0z3IKSI5SqmauOx+QB2rrj\/\/Islpr+oIhbej\/fzN6LFca3jMMX6fN8hnx7GezwGJWHoFMK76TFPG61sOJP9DbmbVdFhMz8rpFobHfBn4Vuw7u832QumRGvvk63IagZXdlQ1HIou2lJZT8tdPM8ORyIboa8Nj\/hFY4vd5m4CtqcnO14AHqs80gVbsWjSp+g7wmlIqKCJFwO\/RPv8ZEXlJKdVykVBNMhcCbPm4nC0fl+Ow27DZbDsNj1mKtsxDaPK4G1DJTsf+eTPHF+UNd+NKSXpaKfXbmP6\/D0wDbgfWA\/dan+qBXYmN4qUhEaU\/qJQKrX3n3Q+AW5uDHSilNvdHmOEx\/wOt8KrcYW7JyRycXd\/UNuXIyUDq2pK\/cbq++anljy4o76qsiExe90FZzu6y6uirErT\/ngL8E9py71BK1Rgecwkwv+rMuShnyQTmLFu9rRhwA0Gl1H4R8QDbrHdfRSshHjuAJcD4tNSkaclJDlXfFKQzHMkH8rtqazgSbizMuyb6mB33uRiYluS0Z4rIY8C\/We+Xdkf4LjcSjsi9tdH\/6osbShdmpQ8K1jW0zgEa\/T7v7kTLGx7Tid72uIDxKxbP3IK1G9i27wTvlpZTMCLjk8WzJ83syu\/\/cvVbqzbK0YfTB6eEGprbxq9YPPNW4KEzjS2TX\/nzfndjS5t91qS8p5b+y\/0\/t+QdACYsXfAl6puC5S+s21MOzEBPlCrgcb\/P+wcROYVWzH\/1xlEsonXod1sPcPBEHcDzwBngBqsvhUAq0PLMohkuu80Gepv7F2B4U2t7nm9j6dzG5va0J+dNbXcPToku7T9USi1PdCwvFQkROcNjzn9xQ+lCgLqG1lRgC7ozd\/dBVhjNtPH7vFUrFosPzdhDWemu+4EHkp2OicBHIjJTKVUZW3jv0VN32YBvzpqwNzfbvQptmVzjdoVn3ZhnX7\/jCK6UpJ+JyFil1HfRS+2EoyfPsm5H2Ui0VYat30hgjeEx96KJ1O3obVNvqAQ43XDeC6z2+7z7YzMYHvPvQH71mabGUVlD3G0dnXdV1DbcdazqLPuOnaKptYM5U8cRo3CAh0XEjbb2rlzMZUWi7L3ObrO1RCIRl80GDoe9pCMULu2LIL\/PG0YzeABiiZPhMb8OkJvtDqEZ7C+54OswPGZqdaBp5KhhQ8jNdk9paevg4Im6N\/56vPZ3x6vrN61YPDN\/4pjs5USYjx7AY8tWb9sDLNywswxtcNyNDqpkAGvQLH4J2iffTgIxCKVU046dO1sCja0u61VX4dPtQP6GnUecneEwNYHmizK88+HRYPG+EzvuvuW6V2\/IHzYJ+FfgMeCrIjL1Sis+IaX7fd7NIjL2F29+WH2utY0fPDh9RX\/9ehSGx3wCmAooIA\/YpMaPOooegLkikqGUirLZGzvDEfuIzDQ27DzCrsNVYeA+61e3bPW2R\/0+7wIRCaFJ1zOZQwbdGzjXSktbiEV3FAUWzP3HaDQxYHjM76F3DbO4EHItsFh8j361rr6lpjMcKUgblBxc+\/zjwS6yvA8sPFl3zgXgsNvoDEdK0CTtABCOwP3NwY7b33jvYD7wxRWLZ24D1qF3MCvQu5QrhkSDMyilalKTneFQZ4SWto4bL4PsR9AELA8oB5YlJznWxXyfEvP\/eoB9x06x63AV6CV5PXpnkYVequ8Con7RteiOL+SAJi1jRw7NFpHUaGV+n7cMvVQXdYQ6o9bqjMrpCSfPnNNbgvRB3U2OHQAOuy30z3O+yPcfmFbj93mn+33eJ\/0+7yt+n\/c3fp\/3DjQRLQAWKaXWo90R1phcUSSsdACn094E0NTaPukyyF4MfBn4KdrHfvDW+4djD2JcMf9HA3SGI9w5ddxmv897k9\/n\/Zrf573WKm8HnlNKlaNj2wwdMmiM02GvjABtHZ12LlboXiD1jfdiw\/S9L\/EnT58LA+QMTesyTuH3eQ8Cgc5wxOkenILTYc\/spqo3rfQWK41ugUf3M+qZMPqkdIfNFgBoa+\/sU7hQROwiMlJEiqw4PH6fd7vf5y32+7xe4CEguawyELusxR6SpAMUFWRzy4RR8VziaTQhHGd4zAI0UQMgEonsBjhd3wwXK7QUoKwykIc1UbrIcxFqzjY7AYYPHZwc7UtXXQY4caoBIFlEMrrIM8ZKo6eK0Uhky2U6aewWfVJ6xArHdoQ6e10G45CGPnbcBzwR\/9Hv874BtLe1h6KWXokOy0bRDDAiMw3i9r2xBLEw95pCLgzesc5wZCdAlQ7SxCt0j5XexIXQ5w29dSTQ2KobkeGC7mPw7wNU1DZEnz\/TZsNj3oY+tQTwi0g+1m4Effp4RdEnpYc6w8cBWttDaSIyDUBERvdWTinV6NtYWrdy7UcEzrU+bYVFz8PwmNlAstNxvjnL406xKgDqGltBM9z4do8D+Mrk\/FjFlmBZc9WZcxB38BL9ho64RZXeq6U3BzuyAbJ6VvoOOG\/pHKqom2B4zLmGx3zO8Jj70FveVGD78oXTG2Oew8CPe2vDpaJPSj91tvkjgNIjNRw6UbeteHtJAzrE2SvqGlrfrq1vYdOuY66OUHibiPxZRH5WvL1k1bhRQ\/8OMHbkUIBfK6VeiSu+NSr3dH1LHvrsHQDDY94HjLPbbAdzMtOi8f3NSqnjnFd6E8Ttw\/0+byVQh77BEz1FjL\/c8RkYHjMnHIm4XClOXClJYHGNLrALCJ0KNPOLNz\/k9S0H1gJvobdlRSlJjtD0L+QGli+crpwO+zo0oQsCS5RS0k2dlw19ui4V6gyXAJRVBiirDNjvvHms+5YbRrtFxNXb3jLYHlpug28cqjiT9eybQn5O+mxgdnlNA83BDpKdDiZfl\/MjpdSy+LJ+n7fC8Ji\/DnWGv\/3Sn0q5uXCU+cNfvW6UHqkJNAc75gLcO6PQjV5GW9Dn6fh93sCcR35eX3u2OaMzHO7Kiueho3ON6DP33q4tFQJkpZ935V1aut\/nDc7+7k8\/6QxHbjzbFCQlyUHuMDfXDk9nzIgMRg9zOx12Wybasg+j4wcrLSJ6xdEnpft93l2Gx3zQZuNeV0pS6p4jNWseX\/KN1xIsW2t4zC8Ba5qDHVMOlF+4apeS5Khw2G3zHpo3p6cDh0eAzGB759zt+yvA8oF2G3xl8hiKCrJHoy9OLFBKnecD6YNTXh9xTdqtzcGO34tIcixJ8vu8xToFLtx26QmFAA3NbW9b7em2TJLTvvLLE3OX52anlxeMyChD86FTVlqLnmzl1pn654qrchvW8JhF6ECEEzjs93kTPl0yPOa04UMHP5I+OEVlZ7iyisYOZ0RmWh2wGfjJlbQWw2P+AB0LeNLv835ud9oGcJVheMxkw2N2t1UbwAAGMIABDOBq4X8B0w4o7CWRnzsAAAAASUVORK5CYII=\" \/><\/span>        <\/div>\r\n\r\n        <!-- CAPTCHA reload with keyboard accessibility -->\r\n        <div class=\"c-reload\" role=\"button\" tabindex=\"0\" aria-label=\"Atualizar CAPTCHA\">\r\n\t\t\t<a href=\"#\" class=\"cf7 captcha-reload\" style=\"display:inline-flex !important; align-items:center !important; justify-content:center !important; background-color:#2196f3 !important; padding:3px !important; border-radius:3px !important; line-height:0 !important; box-sizing:content-box !important; text-decoration:none !important;\" title=\"Recarregar Captcha\"><img decoding=\"async\" style=\"display:block !important; width:16px !important; height:16px !important; max-width:none !important; margin:0 !important; padding:0 !important;\" src=\"https:\/\/euleaders.eu\/wp-content\/plugins\/captcha-for-contact-form-7\/core\/assets\/reload-icon.png\" alt=\"Recarregar\"\/><\/a>        <\/div>\r\n\t\t    <\/div>\r\n\r\n    <!-- Hidden input values -->\r\n    <input type=\"hidden\" id=\"hash_c_02ed81caeb15e0e80887\"\r\n           name=\"f12_captcha_hash\"\r\n           value=\"$2y$10$ryXKNNnL2v4B3xnNjFq1zO95\/.qOLC6XxKCpgfLpFUMFF1gKeva2W\"\/>\r\n\r\n    <!-- Input field with accessibility attributes -->\r\n    <div class=\"\" >\r\n        <input class=\"f12c \"\r\n               data-method=\"image\"                type=\"text\"\r\n               id=\"c_02ed81caeb15e0e80887\"\r\n               name=\"f12_captcha\"\r\n               placeholder=\"Captcha\"\r\n               value=\"\"\r\n               aria-required=\"true\"\r\n               aria-describedby=\"captcha-instructions\"\/>\r\n    <\/div>\r\n\r\n    <!-- Screen reader instructions -->\r\n    <p id=\"captcha-instructions\" class=\"screen-reader-text\">\r\n\t\tPor favor, insira os caracteres mostrados no CAPTCHA para verificar que \u00e9 humano.    <\/p>\r\n<\/div><\/div>\t\t\t\t<div class=\"elementor-field-type-select elementor-field-group elementor-column elementor-field-group-message elementor-col-50 elementor-field-required\">\n\t\t\t\t\t\t\t\t\t\t\t\t<label for=\"form-field-message\" class=\"elementor-field-label\">\n\t\t\t\t\t\t\t\tQuero\t\t\t\t\t\t\t<\/label>\n\t\t\t\t\t\t\t\t<div class=\"elementor-field elementor-select-wrapper remove-before \">\n\t\t\t<div class=\"select-caret-down-wrapper\">\n\t\t\t\t<i aria-hidden=\"true\" class=\"eicon-caret-down\"><\/i>\t\t\t<\/div>\n\t\t\t<select name=\"form_fields[message]\" id=\"form-field-message\" class=\"elementor-field-textual elementor-size-sm\" required=\"required\">\n\t\t\t\t\t\t\t\t\t<option value=\"---------------\">---------------<\/option>\n\t\t\t\t\t\t\t\t\t<option value=\"saber que dados meus t\u00eam\">saber que dados meus t\u00eam<\/option>\n\t\t\t\t\t\t\t\t\t<option value=\"apagar os dados que t\u00eam sobre mim\">apagar os dados que t\u00eam sobre mim<\/option>\n\t\t\t\t\t\t\t\t\t<option value=\"denunciar abuso de propriedade intelectual direitos de autor\">denunciar abuso de propriedade intelectual direitos de autor<\/option>\n\t\t\t\t\t\t\t<\/select>\n\t\t<\/div>\n\t\t\t\t\t\t<\/div>\n\t\t\t\t\t\t\t\t<div class=\"elementor-field-group elementor-column elementor-field-type-submit elementor-col-100 e-form__buttons\">\n\t\t\t\t\t<button class=\"elementor-button elementor-size-sm\" type=\"submit\">\n\t\t\t\t\t\t<span class=\"elementor-button-content-wrapper\">\n\t\t\t\t\t\t\t\t\t\t\t\t\t\t\t\t\t\t\t\t\t\t<span class=\"elementor-button-text\">Enviar<\/span>\n\t\t\t\t\t\t\t\t\t\t\t\t\t<\/span>\n\t\t\t\t\t<\/button>\n\t\t\t\t<\/div>\n\t\t\t<\/div>\n\t\t<\/form>\n\t\t\t\t\t\t<\/div>\n\t\t\t\t<\/div>\n\t\t\t\t<div class=\"elementor-element elementor-element-adf28f7 elementor-widget elementor-widget-spacer\" data-id=\"adf28f7\" data-element_type=\"widget\" data-e-type=\"widget\" data-widget_type=\"spacer.default\">\n\t\t\t\t<div class=\"elementor-widget-container\">\n\t\t\t\t\t\t\t<div class=\"elementor-spacer\">\n\t\t\t<div class=\"elementor-spacer-inner\"><\/div>\n\t\t<\/div>\n\t\t\t\t\t\t<\/div>\n\t\t\t\t<\/div>\n\t\t\t\t\t<\/div>\n\t\t<\/div>\n\t\t\t\t\t<\/div>\n\t\t<\/section>\n\t\t\t\t<\/div>\n\t\t","protected":false},"excerpt":{"rendered":"<p>Contactar o nosso respons\u00e1vel pela prote\u00e7\u00e3o de dados<\/p>\n","protected":false},"author":4,"featured_media":0,"parent":0,"menu_order":0,"comment_status":"closed","ping_status":"closed","template":"","meta":{"footnotes":""},"class_list":["post-2076","page","type-page","status-publish","hentry"],"_links":{"self":[{"href":"https:\/\/euleaders.eu\/pt-pt\/wp-json\/wp\/v2\/pages\/2076","targetHints":{"allow":["GET"]}}],"collection":[{"href":"https:\/\/euleaders.eu\/pt-pt\/wp-json\/wp\/v2\/pages"}],"about":[{"href":"https:\/\/euleaders.eu\/pt-pt\/wp-json\/wp\/v2\/types\/page"}],"author":[{"embeddable":true,"href":"https:\/\/euleaders.eu\/pt-pt\/wp-json\/wp\/v2\/users\/4"}],"replies":[{"embeddable":true,"href":"https:\/\/euleaders.eu\/pt-pt\/wp-json\/wp\/v2\/comments?post=2076"}],"version-history":[{"count":4,"href":"https:\/\/euleaders.eu\/pt-pt\/wp-json\/wp\/v2\/pages\/2076\/revisions"}],"predecessor-version":[{"id":7179,"href":"https:\/\/euleaders.eu\/pt-pt\/wp-json\/wp\/v2\/pages\/2076\/revisions\/7179"}],"wp:attachment":[{"href":"https:\/\/euleaders.eu\/pt-pt\/wp-json\/wp\/v2\/media?parent=2076"}],"curies":[{"name":"wp","href":"https:\/\/api.w.org\/{rel}","templated":true}]}}